{"id":8096,"date":"2018-02-28T07:40:29","date_gmt":"2018-02-28T07:40:29","guid":{"rendered":"https:\/\/enovathemes.com\/goodresto\/?page_id=8096"},"modified":"2023-09-25T13:46:53","modified_gmt":"2023-09-25T10:46:53","slug":"hakkimizda","status":"publish","type":"page","link":"https:\/\/contrading.com\/en\/hakkimizda\/","title":{"rendered":"About Us"},"content":{"rendered":"<p>[vc_row gap=&#8221;72&#8243; content_placement=&#8221;middle&#8221; css=&#8221;.vc_custom_1530184813367{padding-top: 96px !important;}&#8221;][vc_column animation_delay=&#8221;0&#8243; offset=&#8221;vc_col-lg-6 vc_col-md-12 vc_col-xs-12 vc_hidden-xs&#8221;]<div data-curtain=\"true\" data-animation-delay=\"1000\" data-parallax=\"false\" data-coordinatex=\"0\" data-coordinatey=\"0\" data-speed=\"1\" class=\"et-custom-image aligncenter overlay-move curtain-left\"><img loading=\"lazy\" decoding=\"async\" width=\"1280\" height=\"834\" src=\"https:\/\/contrading.com\/wp-content\/uploads\/2018\/10\/oldmachine.jpeg\" alt=\"\"><div class=\"curtain\" style=\"background:#d3a471;\"><\/div><\/div>[\/vc_column][vc_column animation_delay=&#8221;0&#8243; css_animation=&#8221;bottom-to-top&#8221; el_class=&#8221;text-align-center et-about-column&#8221; offset=&#8221;vc_col-lg-6 vc_col-md-12 vc_col-xs-12&#8243;]<span class=\"et-gap et-clearfix hide1280\" style=\"height:72px\">&nbsp;<\/span><div class=\"sep-wrap center  et-clearfix\"><div class=\"et-separator-decorative small icon-sep-sep5\" style=\"color:#e0e0e0;margin-bottom:24px;\"><\/div><\/div>[vc_custom_heading text=&#8221;Our Story&#8221; font_container=&#8221;tag:h5|text_align:center|color:%23d3a471&#8243; use_theme_fonts=&#8221;yes&#8221; css=&#8221;.vc_custom_1553168374074{margin-bottom: 8px !important;}&#8221; el_class=&#8221;et-custom-title&#8221;][vc_column_text el_class=&#8221;et-custom-slogan&#8221;]<\/p>\n<p style=\"text-align: center;\">The irreplaceable brand of the Island since 1920: Con Kahve<\/p>\n<p>[\/vc_column_text][vc_column_text]<\/p>\n<p style=\"text-align: center;\">Con Kahve was founded in 1920 by Remzi Efendi at the Kyrenia Gate, then it was passed down to H\u00fcseyin Remzi Efendi, afterwards to Ahmet Nabi Efendi and lastly to Mehmet H\u00fcseyin Efendi who gave the company its name. Our company was named after his nickname, Con.<\/p>\n<p>[\/vc_column_text][\/vc_column][\/vc_row][vc_row][vc_column animation_delay=&#8221;0&#8243; offset=&#8221;vc_hidden-lg vc_hidden-md vc_hidden-sm vc_col-xs-12&#8243;][vc_single_image image=&#8221;13259&#8243; img_size=&#8221;medium&#8221; alignment=&#8221;center&#8221;][\/vc_column][\/vc_row][vc_row full_width=&#8221;stretch_row&#8221; gap=&#8221;72&#8243; content_placement=&#8221;middle&#8221; css=&#8221;.vc_custom_1530261176098{background-position: 0 0 !important;background-repeat: repeat !important;}&#8221;][vc_column animation_delay=&#8221;0&#8243; css_animation=&#8221;bottom-to-top&#8221; el_class=&#8221;text-align-center et-about-column&#8221; offset=&#8221;vc_col-lg-6 vc_col-md-12 vc_col-xs-12&#8243;]<div class=\"sep-wrap center  et-clearfix\"><div class=\"et-separator-decorative small icon-sep-sep5\" style=\"color:#e0e0e0;margin-bottom:24px;\"><\/div><\/div>[vc_custom_heading text=&#8221;Our Corporate Profile&#8221; font_container=&#8221;tag:h5|text_align:center|color:%23d3a471&#8243; use_theme_fonts=&#8221;yes&#8221; css=&#8221;.vc_custom_1553168450399{margin-bottom: 8px !important;}&#8221; el_class=&#8221;et-custom-title&#8221;][vc_column_text el_class=&#8221;et-custom-slogan&#8221;]<\/p>\n<p style=\"text-align: center;\">We grow and thrive with you.<\/p>\n<p>[\/vc_column_text][vc_column_text]<\/p>\n<p style=\"text-align: center;\">Our company continued its operations as a family business until 1980 and it made the first step towards institutionalisation after it was registered as Con Trading Limited Company by Haluk Ruhi in 1980. It has become a modern institution as a result of accurate business analysis and by improving the corporate structure with qualified staff.<\/p>\n<p>[\/vc_column_text]<span class=\"et-gap et-clearfix hide1280\" style=\"height:32px\">&nbsp;<\/span>[\/vc_column][vc_column animation_delay=&#8221;0&#8243; offset=&#8221;vc_col-lg-6 vc_col-md-12 vc_col-xs-12 vc_hidden-xs&#8221;]<div data-curtain=\"true\" data-animation-delay=\"0\" data-parallax=\"false\" data-coordinatex=\"0\" data-coordinatey=\"0\" data-speed=\"1\" class=\"et-custom-image aligncenter overlay-move curtain-right\"><img loading=\"lazy\" decoding=\"async\" width=\"1280\" height=\"853\" src=\"https:\/\/contrading.com\/wp-content\/uploads\/2018\/08\/hakkimizda_2.jpeg\" alt=\"\"><div class=\"curtain\" style=\"background:#d3a471;\"><\/div><\/div>[\/vc_column][\/vc_row][vc_row][vc_column animation_delay=&#8221;0&#8243; offset=&#8221;vc_hidden-lg vc_hidden-md vc_hidden-sm vc_col-xs-12&#8243;][vc_single_image image=&#8221;13151&#8243; img_size=&#8221;medium&#8221; alignment=&#8221;center&#8221;][\/vc_column][\/vc_row][vc_row gap=&#8221;72&#8243; content_placement=&#8221;middle&#8221;][vc_column animation_delay=&#8221;0&#8243; offset=&#8221;vc_col-lg-6 vc_col-md-12 vc_col-xs-12 vc_hidden-xs&#8221;]<div data-curtain=\"true\" data-animation-delay=\"0\" data-parallax=\"false\" data-coordinatex=\"0\" data-coordinatey=\"0\" data-speed=\"1\" class=\"et-custom-image aligncenter overlay-move curtain-left\"><img loading=\"lazy\" decoding=\"async\" width=\"3008\" height=\"2000\" src=\"https:\/\/contrading.com\/wp-content\/uploads\/2019\/01\/uretim_1.jpg\" alt=\"\"><div class=\"curtain\" style=\"background:#d3a471;\"><\/div><\/div>[\/vc_column][vc_column animation_delay=&#8221;0&#8243; css_animation=&#8221;bottom-to-top&#8221; el_class=&#8221;text-align-center et-about-column&#8221; offset=&#8221;vc_col-lg-6 vc_col-md-12 vc_col-xs-12&#8243;]<span class=\"et-gap et-clearfix hide1280\" style=\"height:72px\">&nbsp;<\/span><div class=\"sep-wrap center  et-clearfix\"><div class=\"et-separator-decorative small icon-sep-sep5\" style=\"color:#e0e0e0;margin-bottom:24px;\"><\/div><\/div>[vc_custom_heading text=&#8221;Our Production Capacity&#8221; font_container=&#8221;tag:h5|text_align:center|color:%23d3a471&#8243; use_theme_fonts=&#8221;yes&#8221; css=&#8221;.vc_custom_1553168499093{margin-bottom: 8px !important;}&#8221; el_class=&#8221;et-custom-title&#8221;][vc_column_text el_class=&#8221;et-custom-slogan&#8221;]<\/p>\n<p style=\"text-align: center;\">We produce at our fully automated production facilities.<\/p>\n<p>[\/vc_column_text][vc_column_text]<\/p>\n<p style=\"text-align: center;\">In early 1980\u2019s our company\u2019s daily production capacity was 100 kg of coffee, today it is modern and fully automated and has a capacity to process one and a half tonnes of coffee, five tonnes of dried nuts and packaging five tonnes of tea daily.<\/p>\n<p>[\/vc_column_text][\/vc_column][\/vc_row][vc_row][vc_column animation_delay=&#8221;0&#8243; offset=&#8221;vc_hidden-lg vc_hidden-md vc_hidden-sm vc_col-xs-12&#8243;][vc_single_image image=&#8221;13321&#8243; img_size=&#8221;medium&#8221; alignment=&#8221;center&#8221;][\/vc_column][\/vc_row][vc_row full_width=&#8221;stretch_row&#8221; gap=&#8221;72&#8243; content_placement=&#8221;middle&#8221; css=&#8221;.vc_custom_1530261176098{background-position: 0 0 !important;background-repeat: repeat !important;}&#8221;][vc_column animation_delay=&#8221;0&#8243; css_animation=&#8221;bottom-to-top&#8221; el_class=&#8221;text-align-center et-about-column&#8221; offset=&#8221;vc_col-lg-6 vc_col-md-12 vc_col-xs-12&#8243;]<div class=\"sep-wrap center  et-clearfix\"><div class=\"et-separator-decorative small icon-sep-sep5\" style=\"color:#e0e0e0;margin-bottom:24px;\"><\/div><\/div>[vc_custom_heading text=&#8221;Our Quality Policy&#8221; font_container=&#8221;tag:h5|text_align:center|color:%23d3a471&#8243; use_theme_fonts=&#8221;yes&#8221; css=&#8221;.vc_custom_1553168543483{margin-bottom: 8px !important;}&#8221; el_class=&#8221;et-custom-title&#8221;][vc_column_text el_class=&#8221;et-custom-slogan&#8221;]<\/p>\n<p style=\"text-align: center;\">We produce high quality and fresh products.<\/p>\n<p>[\/vc_column_text][vc_column_text]<\/p>\n<p style=\"text-align: center;\">Our company has ISO 9001 AND ISO 22000 certificates. We prioritise product quality, freshness, shelf life and excellence and continue producing with the principle of integrity and honesty.<\/p>\n<p>[\/vc_column_text]<span class=\"et-gap et-clearfix hide1280\" style=\"height:32px\">&nbsp;<\/span>[\/vc_column][vc_column animation_delay=&#8221;0&#8243; offset=&#8221;vc_col-lg-6 vc_col-md-12 vc_col-xs-12 vc_hidden-xs&#8221;]<div data-curtain=\"true\" data-animation-delay=\"0\" data-parallax=\"false\" data-coordinatex=\"0\" data-coordinatey=\"0\" data-speed=\"1\" class=\"et-custom-image aligncenter overlay-move curtain-right\"><img loading=\"lazy\" decoding=\"async\" width=\"3008\" height=\"2000\" src=\"https:\/\/contrading.com\/wp-content\/uploads\/2019\/01\/uretim_2.jpg\" alt=\"\"><div class=\"curtain\" style=\"background:#d3a471;\"><\/div><\/div>[\/vc_column][\/vc_row][vc_row][vc_column animation_delay=&#8221;0&#8243; offset=&#8221;vc_hidden-lg vc_hidden-md vc_hidden-sm vc_col-xs-12&#8243;][vc_single_image image=&#8221;13322&#8243; img_size=&#8221;medium&#8221; alignment=&#8221;center&#8221;][\/vc_column][\/vc_row][vc_row][vc_column]<div class=\"sep-wrap center et-clearfix\" style=\"margin-top:24px;margin-bottom:24px;\"><span class=\"et-separator-left medium\" style=\"width:120px;height:1px;background-color:#e0e0e0;\"><\/span><span class=\"et-separator-icon medium fab fa-searchengin\" style=\"color:#d3a471;\"><\/span><span class=\"et-separator-right medium\" style=\"width:120px;height:1px;background-color:#e0e0e0;\"><\/span><\/div>[vc_custom_heading text=&#8221;CON IN NUMBERS&#8221; font_container=&#8221;tag:h5|text_align:center&#8221; use_theme_fonts=&#8221;yes&#8221;][\/vc_column][\/vc_row][vc_row css=&#8221;.vc_custom_1530184683114{padding-bottom: 96px !important;}&#8221;][vc_column width=&#8221;1\/4&#8243;]<p data-to=\"98\" class=\"et-counter et-clearfix\" style=\"font-size:40px;font-weight:400;line-height:56px;letter-spacing:0.5px;color:#cfd8dc;\"><span class=\"counter\"><\/span><\/p><span class=\"et-gap et-clearfix \" style=\"height:32px\">&nbsp;<\/span>[vc_custom_heading text=&#8221;Years Experience&#8221; font_container=&#8221;tag:h5|text_align:center&#8221; use_theme_fonts=&#8221;yes&#8221;][\/vc_column][vc_column width=&#8221;1\/4&#8243;]<p data-to=\"2650\" class=\"et-counter et-clearfix\" style=\"font-size:40px;font-weight:400;line-height:56px;letter-spacing:0.5px;color:#cfd8dc;\"><span class=\"counter\"><\/span><span class=\"prefix\">m\u00b2<\/span><\/p><span class=\"et-gap et-clearfix \" style=\"height:32px\">&nbsp;<\/span>[vc_custom_heading text=&#8221;Indoor Production Area&#8221; font_container=&#8221;tag:h5|text_align:center&#8221; use_theme_fonts=&#8221;yes&#8221;][\/vc_column][vc_column width=&#8221;1\/4&#8243;]<p data-to=\"5000\" class=\"et-counter et-clearfix\" style=\"font-size:40px;font-weight:400;line-height:56px;letter-spacing:0.5px;color:#cfd8dc;\"><span class=\"counter\"><\/span><span class=\"prefix\">kg<\/span><\/p><span class=\"et-gap et-clearfix \" style=\"height:32px\">&nbsp;<\/span>[vc_custom_heading text=&#8221;Daily Production&#8221; font_container=&#8221;tag:h5|text_align:center&#8221; use_theme_fonts=&#8221;yes&#8221;][\/vc_column][vc_column width=&#8221;1\/4&#8243;]<p data-to=\"30\" class=\"et-counter et-clearfix\" style=\"font-size:40px;font-weight:400;line-height:56px;letter-spacing:0.5px;color:#cfd8dc;\"><span class=\"counter\"><\/span><span class=\"prefix\">+<\/span><\/p><span class=\"et-gap et-clearfix \" style=\"height:32px\">&nbsp;<\/span>[vc_custom_heading text=&#8221;Competent Employees&#8221; font_container=&#8221;tag:h5|text_align:center&#8221; use_theme_fonts=&#8221;yes&#8221;][\/vc_column][\/vc_row][vc_row full_width=&#8221;stretch_row_content&#8221; gap=&#8221;0&#8243;][vc_column]Instagram has returned invalid data.[\/vc_column][\/vc_row]<\/p>\n","protected":false},"excerpt":{"rendered":"<p>Leverage agile frameworks to provide a robust synopsis for high level overviews. Iterative approaches to corporate strategy foster collaborative thinking to further the overall value proposition. Organically grow the holistic world view of disruptive innovation via workplace diversity and empowerment.<\/p>\n","protected":false},"author":1,"featured_media":0,"parent":0,"menu_order":0,"comment_status":"closed","ping_status":"closed","template":"page-vc.php","meta":{"footnotes":""},"class_list":["post-8096","page","type-page","status-publish","hentry"],"yoast_head":"<!-- This site is optimized with the Yoast SEO plugin v24.8.1 - https:\/\/yoast.com\/wordpress\/plugins\/seo\/ -->\n<title>About Us - Lefko\u015fa Con Kahve ve Kuruyemi\u015fleri - Con Trading<\/title>\n<meta name=\"description\" content=\"People who try Nicosia Con\u2019s delicious dried nuts are surprised that such fresh and high quality dried nuts are produced in Cyprus.\" \/>\n<meta name=\"robots\" content=\"index, follow, max-snippet:-1, max-image-preview:large, max-video-preview:-1\" \/>\n<link rel=\"canonical\" href=\"https:\/\/contrading.com\/en\/hakkimizda\/\" \/>\n<meta property=\"og:locale\" content=\"en_US\" \/>\n<meta property=\"og:locale:alternate\" content=\"tr_TR\" \/>\n<meta property=\"og:type\" content=\"article\" \/>\n<meta property=\"og:title\" content=\"About Us\" \/>\n<meta property=\"og:description\" content=\"Con Trading olarak leziz \u00fcr\u00fcn yelpazemizi, do\u011fruluk ve d\u00fcr\u00fcstl\u00fck ilkesinden sapmadan ve kalitemizden taviz vermeden uygun fiyatlarla sunmaktay\u0131z.\" \/>\n<meta property=\"og:url\" content=\"https:\/\/contrading.com\/en\/hakkimizda\/\" \/>\n<meta property=\"og:site_name\" content=\"Con Trading\" \/>\n<meta property=\"article:publisher\" content=\"https:\/\/www.facebook.com\/conkahve\" \/>\n<meta property=\"article:modified_time\" content=\"2023-09-25T10:46:53+00:00\" \/>\n<meta name=\"twitter:card\" content=\"summary_large_image\" \/>\n<meta name=\"twitter:site\" content=\"@conkahve\" \/>\n<meta name=\"twitter:label1\" content=\"Est. reading time\" \/>\n\t<meta name=\"twitter:data1\" content=\"3 minutes\" \/>\n<script type=\"application\/ld+json\" class=\"yoast-schema-graph\">{\"@context\":\"https:\/\/schema.org\",\"@graph\":[{\"@type\":\"WebPage\",\"@id\":\"https:\/\/contrading.com\/hakkimizda\/\",\"url\":\"https:\/\/contrading.com\/hakkimizda\/\",\"name\":\"About Us\",\"isPartOf\":{\"@id\":\"https:\/\/contrading.com\/#website\"},\"datePublished\":\"2018-02-28T07:40:29+00:00\",\"dateModified\":\"2023-09-25T10:46:53+00:00\",\"description\":\"Con Trading olarak leziz \u00fcr\u00fcn yelpazemizi, do\u011fruluk ve d\u00fcr\u00fcstl\u00fck ilkesinden sapmadan ve kalitemizden taviz vermeden uygun fiyatlarla sunmaktay\u0131z.\",\"breadcrumb\":{\"@id\":\"https:\/\/contrading.com\/hakkimizda\/#breadcrumb\"},\"inLanguage\":\"en-US\",\"potentialAction\":[{\"@type\":\"ReadAction\",\"target\":[\"https:\/\/contrading.com\/hakkimizda\/\"]}]},{\"@type\":\"BreadcrumbList\",\"@id\":\"https:\/\/contrading.com\/hakkimizda\/#breadcrumb\",\"itemListElement\":[{\"@type\":\"ListItem\",\"position\":1,\"name\":\"Ana sayfa\",\"item\":\"https:\/\/contrading.com\/\"},{\"@type\":\"ListItem\",\"position\":2,\"name\":\"Hakk\u0131m\u0131zda\"}]},{\"@type\":\"WebSite\",\"@id\":\"https:\/\/contrading.com\/#website\",\"url\":\"https:\/\/contrading.com\/\",\"name\":\"Con Trading\",\"description\":\"\",\"publisher\":{\"@id\":\"https:\/\/contrading.com\/#organization\"},\"potentialAction\":[{\"@type\":\"SearchAction\",\"target\":{\"@type\":\"EntryPoint\",\"urlTemplate\":\"https:\/\/contrading.com\/?s={search_term_string}\"},\"query-input\":{\"@type\":\"PropertyValueSpecification\",\"valueRequired\":true,\"valueName\":\"search_term_string\"}}],\"inLanguage\":\"en-US\"},{\"@type\":\"Organization\",\"@id\":\"https:\/\/contrading.com\/#organization\",\"name\":\"Con Trading Ltd.\",\"url\":\"https:\/\/contrading.com\/\",\"logo\":{\"@type\":\"ImageObject\",\"inLanguage\":\"en-US\",\"@id\":\"https:\/\/contrading.com\/#\/schema\/logo\/image\/\",\"url\":\"https:\/\/contrading.com\/wp-content\/uploads\/2018\/06\/con_logo.png\",\"contentUrl\":\"https:\/\/contrading.com\/wp-content\/uploads\/2018\/06\/con_logo.png\",\"width\":250,\"height\":60,\"caption\":\"Con Trading Ltd.\"},\"image\":{\"@id\":\"https:\/\/contrading.com\/#\/schema\/logo\/image\/\"},\"sameAs\":[\"https:\/\/www.facebook.com\/conkahve\",\"https:\/\/x.com\/conkahve\",\"http:\/\/conkahve\"]}]}<\/script>\n<!-- \/ Yoast SEO plugin. -->","yoast_head_json":{"title":"About Us - Lefko\u015fa Con Kahve ve Kuruyemi\u015fleri - Con Trading","description":"People who try Nicosia Con\u2019s delicious dried nuts are surprised that such fresh and high quality dried nuts are produced in Cyprus.","robots":{"index":"index","follow":"follow","max-snippet":"max-snippet:-1","max-image-preview":"max-image-preview:large","max-video-preview":"max-video-preview:-1"},"canonical":"https:\/\/contrading.com\/en\/hakkimizda\/","og_locale":"en_US","og_type":"article","og_title":"[:tr]Hakk\u0131m\u0131zda[:en]About Us[:] - Lefko\u015fa Con Kahve ve Kuruyemi\u015fleri - Con Trading","og_description":"Con Trading olarak leziz \u00fcr\u00fcn yelpazemizi, do\u011fruluk ve d\u00fcr\u00fcstl\u00fck ilkesinden sapmadan ve kalitemizden taviz vermeden uygun fiyatlarla sunmaktay\u0131z.","og_url":"https:\/\/contrading.com\/en\/hakkimizda\/","og_site_name":"Con Trading","article_publisher":"https:\/\/www.facebook.com\/conkahve","article_modified_time":"2023-09-25T10:46:53+00:00","twitter_card":"summary_large_image","twitter_site":"@conkahve","twitter_misc":{"Est. reading time":"3 minutes"},"schema":{"@context":"https:\/\/schema.org","@graph":[{"@type":"WebPage","@id":"https:\/\/contrading.com\/hakkimizda\/","url":"https:\/\/contrading.com\/hakkimizda\/","name":"About Us","isPartOf":{"@id":"https:\/\/contrading.com\/#website"},"datePublished":"2018-02-28T07:40:29+00:00","dateModified":"2023-09-25T10:46:53+00:00","description":"Con Trading olarak leziz \u00fcr\u00fcn yelpazemizi, do\u011fruluk ve d\u00fcr\u00fcstl\u00fck ilkesinden sapmadan ve kalitemizden taviz vermeden uygun fiyatlarla sunmaktay\u0131z.","breadcrumb":{"@id":"https:\/\/contrading.com\/hakkimizda\/#breadcrumb"},"inLanguage":"en-US","potentialAction":[{"@type":"ReadAction","target":["https:\/\/contrading.com\/hakkimizda\/"]}]},{"@type":"BreadcrumbList","@id":"https:\/\/contrading.com\/hakkimizda\/#breadcrumb","itemListElement":[{"@type":"ListItem","position":1,"name":"Ana sayfa","item":"https:\/\/contrading.com\/"},{"@type":"ListItem","position":2,"name":"Hakk\u0131m\u0131zda"}]},{"@type":"WebSite","@id":"https:\/\/contrading.com\/#website","url":"https:\/\/contrading.com\/","name":"Con Trading","description":"","publisher":{"@id":"https:\/\/contrading.com\/#organization"},"potentialAction":[{"@type":"SearchAction","target":{"@type":"EntryPoint","urlTemplate":"https:\/\/contrading.com\/?s={search_term_string}"},"query-input":{"@type":"PropertyValueSpecification","valueRequired":true,"valueName":"search_term_string"}}],"inLanguage":"en-US"},{"@type":"Organization","@id":"https:\/\/contrading.com\/#organization","name":"Con Trading Ltd.","url":"https:\/\/contrading.com\/","logo":{"@type":"ImageObject","inLanguage":"en-US","@id":"https:\/\/contrading.com\/#\/schema\/logo\/image\/","url":"https:\/\/contrading.com\/wp-content\/uploads\/2018\/06\/con_logo.png","contentUrl":"https:\/\/contrading.com\/wp-content\/uploads\/2018\/06\/con_logo.png","width":250,"height":60,"caption":"Con Trading Ltd."},"image":{"@id":"https:\/\/contrading.com\/#\/schema\/logo\/image\/"},"sameAs":["https:\/\/www.facebook.com\/conkahve","https:\/\/x.com\/conkahve","http:\/\/conkahve"]}]}},"_links":{"self":[{"href":"https:\/\/contrading.com\/en\/wp-json\/wp\/v2\/pages\/8096","targetHints":{"allow":["GET"]}}],"collection":[{"href":"https:\/\/contrading.com\/en\/wp-json\/wp\/v2\/pages"}],"about":[{"href":"https:\/\/contrading.com\/en\/wp-json\/wp\/v2\/types\/page"}],"author":[{"embeddable":true,"href":"https:\/\/contrading.com\/en\/wp-json\/wp\/v2\/users\/1"}],"replies":[{"embeddable":true,"href":"https:\/\/contrading.com\/en\/wp-json\/wp\/v2\/comments?post=8096"}],"version-history":[{"count":5,"href":"https:\/\/contrading.com\/en\/wp-json\/wp\/v2\/pages\/8096\/revisions"}],"predecessor-version":[{"id":13834,"href":"https:\/\/contrading.com\/en\/wp-json\/wp\/v2\/pages\/8096\/revisions\/13834"}],"wp:attachment":[{"href":"https:\/\/contrading.com\/en\/wp-json\/wp\/v2\/media?parent=8096"}],"curies":[{"name":"wp","href":"https:\/\/api.w.org\/{rel}","templated":true}]}}