{"id":8114,"date":"2018-02-28T07:42:19","date_gmt":"2018-02-28T04:42:19","guid":{"rendered":"https:\/\/enovathemes.com\/goodresto\/?page_id=8114"},"modified":"2023-09-25T08:39:55","modified_gmt":"2023-09-25T05:39:55","slug":"iletisim","status":"publish","type":"page","link":"https:\/\/contrading.com\/en\/iletisim\/","title":{"rendered":"Contact Us"},"content":{"rendered":"<p>[vc_row css=&#8221;.vc_custom_1530258660432{padding-top: 60px !important;padding-bottom: 24px !important;}&#8221;][vc_column animation_delay=&#8221;0&#8243; offset=&#8221;vc_col-lg-2 vc_col-md-2 vc_hidden-sm vc_hidden-xs&#8221;][\/vc_column][vc_column animation_delay=&#8221;0&#8243; offset=&#8221;vc_col-lg-8 vc_col-md-8 vc_col-xs-12&#8243;]<div class=\"sep-wrap center et-clearfix\" style=\"margin-top:24px;margin-bottom:24px;\"><span class=\"et-separator-left medium\" style=\"width:120px;height:1px;background-color:#e0e0e0;\"><\/span><span class=\"et-separator-icon medium far fa-comments\" style=\"color:#d3a471;\"><\/span><span class=\"et-separator-right medium\" style=\"width:120px;height:1px;background-color:#e0e0e0;\"><\/span><\/div>[vc_custom_heading text=&#8221;DID YOU KNOW?&#8221; font_container=&#8221;tag:h6|text_align:center|color:%23d3a471&#8243; use_theme_fonts=&#8221;yes&#8221; css=&#8221;.vc_custom_1553172919121{margin-bottom: 8px !important;}&#8221; el_class=&#8221;et-custom-title&#8221;][vc_column_text el_class=&#8221;et-custom-slogan&#8221;]<\/p>\n<p style=\"text-align: center;\">\u201cOutlet\u201d period in coffee and dried nuts<\/p>\n<p>[\/vc_column_text][vc_column_text]<\/p>\n<p style=\"text-align: center;\">Did you know that you can mix &#038; buy all of our coffee and dried nut products at our factory outlet?<\/p>\n<p>[\/vc_column_text]<div class=\"sep-wrap center  animate horizontal et-clearfix\"><div class=\"et-separator solid\" style=\"margin-top:32px;margin-bottom:32px;height:2px;width:100%;\"><div class=\"et-separator-bar\" style=\"border-bottom-style:solid;border-bottom-width:2px;border-bottom-color:#d3a471;\"><\/div><\/div><\/div>[\/vc_column][vc_column animation_delay=&#8221;0&#8243; offset=&#8221;vc_col-lg-2 vc_col-md-2 vc_hidden-sm vc_hidden-xs&#8221;][\/vc_column][\/vc_row][vc_row full_width=&#8221;stretch_row&#8221; content_placement=&#8221;middle&#8221;][vc_column animation_delay=&#8221;150&#8243; css_animation=&#8221;none&#8221; width=&#8221;1\/3&#8243;][vc_custom_heading text=&#8221;ADDRESS&#8221; font_container=&#8221;tag:h6|text_align:left|color:%23d3a471&#8243; use_theme_fonts=&#8221;yes&#8221; css=&#8221;.vc_custom_1553172959295{margin-bottom: 8px !important;}&#8221; el_class=&#8221;et-custom-title&#8221;]<span class=\"et-gap et-clearfix \" style=\"height:8px\">&nbsp;<\/span>[vc_column_text]<\/p>\n<p style=\"text-align: left;\">Organize Sanayi B\u00f6lgesi 10.Sokak No:20<br \/>\nLefko\u015fa, K\u0131br\u0131s<\/p>\n<p>[\/vc_column_text][\/vc_column][vc_column animation_delay=&#8221;300&#8243; css_animation=&#8221;none&#8221; width=&#8221;1\/3&#8243;][vc_custom_heading text=&#8221;CONTACT DETAILS&#8221; font_container=&#8221;tag:h6|text_align:left|color:%23d3a471&#8243; use_theme_fonts=&#8221;yes&#8221; css=&#8221;.vc_custom_1553172996734{margin-bottom: 8px !important;}&#8221; el_class=&#8221;et-custom-title&#8221;]<span class=\"et-gap et-clearfix \" style=\"height:8px\">&nbsp;<\/span>[vc_column_text]<\/p>\n<p style=\"text-align: left;\">Phone: 0392 225 26 09<br \/>\nFax: 0392 225 60 14<br \/>\nEmail Address: info@contrading.com<\/p>\n<p>[\/vc_column_text][\/vc_column][vc_column width=&#8221;1\/3&#8243;][vc_custom_heading text=&#8221;OUR DISTRIBUTOR IN TURKEY&#8221; font_container=&#8221;tag:h6|text_align:left|color:%23d3a471&#8243; use_theme_fonts=&#8221;yes&#8221; css=&#8221;.vc_custom_1553173060904{margin-bottom: 8px !important;}&#8221; el_class=&#8221;et-custom-title&#8221;]<span class=\"et-gap et-clearfix \" style=\"height:8px\">&nbsp;<\/span>[vc_column_text]<\/p>\n<p style=\"text-align: left;\">Phone: 0212 537 17 85 \/ 0532 775 71 01<br \/>\nEmail Address: info@limonada.com.tr<br \/>\nAddress: Oru\u00e7 Reis Mh. Giyimkent Sitesi 5.Sk. No: 37 Esenler \/ \u0130stanbul<\/p>\n<p>[\/vc_column_text][\/vc_column][\/vc_row][vc_row gap=&#8221;0&#8243; content_placement=&#8221;middle&#8221; css=&#8221;.vc_custom_1660204060243{padding-top: 50px !important;padding-bottom: 24px !important;}&#8221;][vc_column animation_delay=&#8221;0&#8243;]<div class=\"sep-wrap center et-clearfix\" style=\"margin-top:24px;margin-bottom:24px;\"><span class=\"et-separator-left medium\" style=\"width:120px;height:1px;background-color:#e0e0e0;\"><\/span><span class=\"et-separator-icon medium fas fa-share-alt\" style=\"color:#d3a471;\"><\/span><span class=\"et-separator-right medium\" style=\"width:120px;height:1px;background-color:#e0e0e0;\"><\/span><\/div>[vc_custom_heading text=&#8221;SOCIAL MEDIA&#8221; font_container=&#8221;tag:h6|text_align:center|color:%23d3a471&#8243; use_theme_fonts=&#8221;yes&#8221; css=&#8221;.vc_custom_1553173253203{margin-bottom: 8px !important;}&#8221; el_class=&#8221;et-custom-title&#8221;]<div id=\"et-social-links-1\" class=\"et-social-links social-links et-clearfix  styling-original-false\"><style>#et-social-links-1 a {color:#616161;border-radius:0px;}#et-social-links-1 a:hover {color:#212121;}<\/style><a class=\"et-icon-facebook\" href=\"https:\/\/www.facebook.com\/conkahve\/\" target=\"_blank\"><\/a><a class=\"et-icon-instagram\" href=\"https:\/\/www.instagram.com\/conkahve\/\" target=\"_blank\"><\/a><a class=\"et-icon-twitter\" href=\"https:\/\/twitter.com\/conkahve\/\" target=\"_blank\"><\/a><a class=\"et-icon-size\" href=\"http:\/\/large\" target=\"_blank\"><\/a><\/div>[\/vc_column][\/vc_row][vc_row full_width=&#8221;stretch_row_content&#8221; gap=&#8221;0&#8243; content_placement=&#8221;bottom&#8221;][vc_column][vc_raw_html]JTNDaWZyYW1lJTIwc3JjJTNEJTIyaHR0cHMlM0ElMkYlMkZ3d3cuZ29vZ2xlLmNvbSUyRm1hcHMlMkZlbWJlZCUzRnBiJTNEJTIxMW0xNCUyMTFtOCUyMTFtMyUyMTFkMTMwMzguOTI5Mjc3MTM2MDgyJTIxMmQzMy4zNDUxNjQ2JTIxM2QzNS4yMTMxMzYlMjEzbTIlMjExaTEwMjQlMjEyaTc2OCUyMTRmMTMuMSUyMTNtMyUyMTFtMiUyMTFzMHgwJTI1M0EweDVhOWFhZWJhNzNiMDI3N2IlMjEyc0NvbiUyNTIwS2FodmUlMjUyMEt1cnV5ZW1pJTI1QzUlMjU5RiUyMTVlMCUyMTNtMiUyMTFzdHIlMjEycyUyMTR2MTU3MTEyODMwNjM0MCUyMTVtMiUyMTFzdHIlMjEycyUyMiUyMHdpZHRoJTNEJTIyMTAwJTI1JTIyJTIwaGVpZ2h0JTNEJTIyNDAwJTIyJTIwZnJhbWVib3JkZXIlM0QlMjIwJTIyJTIwc3R5bGUlM0QlMjJib3JkZXIlM0EwJTNCJTIyJTIwYWxsb3dmdWxsc2NyZWVuJTNEJTIyJTIyJTNFJTNDJTJGaWZyYW1lJTNF[\/vc_raw_html][\/vc_column][\/vc_row]<\/p>\n","protected":false},"excerpt":{"rendered":"<p>Leverage agile frameworks to provide a robust synopsis for high level overviews. Iterative approaches to corporate strategy foster collaborative thinking to further the overall value proposition. Organically grow the holistic world view of disruptive innovation via workplace diversity and empowerment.<\/p>\n","protected":false},"author":1,"featured_media":0,"parent":0,"menu_order":0,"comment_status":"closed","ping_status":"closed","template":"page-vc.php","meta":{"footnotes":""},"class_list":["post-8114","page","type-page","status-publish","hentry"],"yoast_head":"<!-- This site is optimized with the Yoast SEO plugin v24.8.1 - https:\/\/yoast.com\/wordpress\/plugins\/seo\/ -->\n<title>Contact Us - Lefko\u015fa Con Kahve ve Kuruyemi\u015fleri - Con Trading<\/title>\n<meta name=\"description\" content=\"People who try Nicosia Con\u2019s delicious dried nuts are surprised that such fresh and high quality dried nuts are produced in Cyprus.\" \/>\n<meta name=\"robots\" content=\"index, follow, max-snippet:-1, max-image-preview:large, max-video-preview:-1\" \/>\n<link rel=\"canonical\" href=\"https:\/\/contrading.com\/en\/iletisim\/\" \/>\n<meta property=\"og:locale\" content=\"en_US\" \/>\n<meta property=\"og:locale:alternate\" content=\"tr_TR\" \/>\n<meta property=\"og:type\" content=\"article\" \/>\n<meta property=\"og:title\" content=\"Contact Us\" \/>\n<meta property=\"og:description\" content=\"Con Trading olarak leziz \u00fcr\u00fcn yelpazemizi, do\u011fruluk ve d\u00fcr\u00fcstl\u00fck ilkesinden sapmadan ve kalitemizden taviz vermeden uygun fiyatlarla sunmaktay\u0131z.\" \/>\n<meta property=\"og:url\" content=\"https:\/\/contrading.com\/en\/iletisim\/\" \/>\n<meta property=\"og:site_name\" content=\"Con Trading\" \/>\n<meta property=\"article:publisher\" content=\"https:\/\/www.facebook.com\/conkahve\" \/>\n<meta property=\"article:modified_time\" content=\"2023-09-25T05:39:55+00:00\" \/>\n<meta name=\"twitter:card\" content=\"summary_large_image\" \/>\n<meta name=\"twitter:site\" content=\"@conkahve\" \/>\n<meta name=\"twitter:label1\" content=\"Est. reading time\" \/>\n\t<meta name=\"twitter:data1\" content=\"2 minutes\" \/>\n<script type=\"application\/ld+json\" class=\"yoast-schema-graph\">{\"@context\":\"https:\/\/schema.org\",\"@graph\":[{\"@type\":\"WebPage\",\"@id\":\"https:\/\/contrading.com\/iletisim\/\",\"url\":\"https:\/\/contrading.com\/iletisim\/\",\"name\":\"Contact Us\",\"isPartOf\":{\"@id\":\"https:\/\/contrading.com\/#website\"},\"datePublished\":\"2018-02-28T04:42:19+00:00\",\"dateModified\":\"2023-09-25T05:39:55+00:00\",\"description\":\"Con Trading olarak leziz \u00fcr\u00fcn yelpazemizi, do\u011fruluk ve d\u00fcr\u00fcstl\u00fck ilkesinden sapmadan ve kalitemizden taviz vermeden uygun fiyatlarla sunmaktay\u0131z.\",\"breadcrumb\":{\"@id\":\"https:\/\/contrading.com\/iletisim\/#breadcrumb\"},\"inLanguage\":\"en-US\",\"potentialAction\":[{\"@type\":\"ReadAction\",\"target\":[\"https:\/\/contrading.com\/iletisim\/\"]}]},{\"@type\":\"BreadcrumbList\",\"@id\":\"https:\/\/contrading.com\/iletisim\/#breadcrumb\",\"itemListElement\":[{\"@type\":\"ListItem\",\"position\":1,\"name\":\"Ana sayfa\",\"item\":\"https:\/\/contrading.com\/\"},{\"@type\":\"ListItem\",\"position\":2,\"name\":\"\u0130leti\u015fim\"}]},{\"@type\":\"WebSite\",\"@id\":\"https:\/\/contrading.com\/#website\",\"url\":\"https:\/\/contrading.com\/\",\"name\":\"Con Trading\",\"description\":\"\",\"publisher\":{\"@id\":\"https:\/\/contrading.com\/#organization\"},\"potentialAction\":[{\"@type\":\"SearchAction\",\"target\":{\"@type\":\"EntryPoint\",\"urlTemplate\":\"https:\/\/contrading.com\/?s={search_term_string}\"},\"query-input\":{\"@type\":\"PropertyValueSpecification\",\"valueRequired\":true,\"valueName\":\"search_term_string\"}}],\"inLanguage\":\"en-US\"},{\"@type\":\"Organization\",\"@id\":\"https:\/\/contrading.com\/#organization\",\"name\":\"Con Trading Ltd.\",\"url\":\"https:\/\/contrading.com\/\",\"logo\":{\"@type\":\"ImageObject\",\"inLanguage\":\"en-US\",\"@id\":\"https:\/\/contrading.com\/#\/schema\/logo\/image\/\",\"url\":\"https:\/\/contrading.com\/wp-content\/uploads\/2018\/06\/con_logo.png\",\"contentUrl\":\"https:\/\/contrading.com\/wp-content\/uploads\/2018\/06\/con_logo.png\",\"width\":250,\"height\":60,\"caption\":\"Con Trading Ltd.\"},\"image\":{\"@id\":\"https:\/\/contrading.com\/#\/schema\/logo\/image\/\"},\"sameAs\":[\"https:\/\/www.facebook.com\/conkahve\",\"https:\/\/x.com\/conkahve\",\"http:\/\/conkahve\"]}]}<\/script>\n<!-- \/ Yoast SEO plugin. -->","yoast_head_json":{"title":"Contact Us - Lefko\u015fa Con Kahve ve Kuruyemi\u015fleri - Con Trading","description":"People who try Nicosia Con\u2019s delicious dried nuts are surprised that such fresh and high quality dried nuts are produced in Cyprus.","robots":{"index":"index","follow":"follow","max-snippet":"max-snippet:-1","max-image-preview":"max-image-preview:large","max-video-preview":"max-video-preview:-1"},"canonical":"https:\/\/contrading.com\/en\/iletisim\/","og_locale":"en_US","og_type":"article","og_title":"[:tr]\u0130leti\u015fim[:en]Contact Us[:] - Lefko\u015fa Con Kahve ve Kuruyemi\u015fleri - Con Trading","og_description":"Con Trading olarak leziz \u00fcr\u00fcn yelpazemizi, do\u011fruluk ve d\u00fcr\u00fcstl\u00fck ilkesinden sapmadan ve kalitemizden taviz vermeden uygun fiyatlarla sunmaktay\u0131z.","og_url":"https:\/\/contrading.com\/en\/iletisim\/","og_site_name":"Con Trading","article_publisher":"https:\/\/www.facebook.com\/conkahve","article_modified_time":"2023-09-25T05:39:55+00:00","twitter_card":"summary_large_image","twitter_site":"@conkahve","twitter_misc":{"Est. reading time":"2 minutes"},"schema":{"@context":"https:\/\/schema.org","@graph":[{"@type":"WebPage","@id":"https:\/\/contrading.com\/iletisim\/","url":"https:\/\/contrading.com\/iletisim\/","name":"Contact Us","isPartOf":{"@id":"https:\/\/contrading.com\/#website"},"datePublished":"2018-02-28T04:42:19+00:00","dateModified":"2023-09-25T05:39:55+00:00","description":"Con Trading olarak leziz \u00fcr\u00fcn yelpazemizi, do\u011fruluk ve d\u00fcr\u00fcstl\u00fck ilkesinden sapmadan ve kalitemizden taviz vermeden uygun fiyatlarla sunmaktay\u0131z.","breadcrumb":{"@id":"https:\/\/contrading.com\/iletisim\/#breadcrumb"},"inLanguage":"en-US","potentialAction":[{"@type":"ReadAction","target":["https:\/\/contrading.com\/iletisim\/"]}]},{"@type":"BreadcrumbList","@id":"https:\/\/contrading.com\/iletisim\/#breadcrumb","itemListElement":[{"@type":"ListItem","position":1,"name":"Ana sayfa","item":"https:\/\/contrading.com\/"},{"@type":"ListItem","position":2,"name":"\u0130leti\u015fim"}]},{"@type":"WebSite","@id":"https:\/\/contrading.com\/#website","url":"https:\/\/contrading.com\/","name":"Con Trading","description":"","publisher":{"@id":"https:\/\/contrading.com\/#organization"},"potentialAction":[{"@type":"SearchAction","target":{"@type":"EntryPoint","urlTemplate":"https:\/\/contrading.com\/?s={search_term_string}"},"query-input":{"@type":"PropertyValueSpecification","valueRequired":true,"valueName":"search_term_string"}}],"inLanguage":"en-US"},{"@type":"Organization","@id":"https:\/\/contrading.com\/#organization","name":"Con Trading Ltd.","url":"https:\/\/contrading.com\/","logo":{"@type":"ImageObject","inLanguage":"en-US","@id":"https:\/\/contrading.com\/#\/schema\/logo\/image\/","url":"https:\/\/contrading.com\/wp-content\/uploads\/2018\/06\/con_logo.png","contentUrl":"https:\/\/contrading.com\/wp-content\/uploads\/2018\/06\/con_logo.png","width":250,"height":60,"caption":"Con Trading Ltd."},"image":{"@id":"https:\/\/contrading.com\/#\/schema\/logo\/image\/"},"sameAs":["https:\/\/www.facebook.com\/conkahve","https:\/\/x.com\/conkahve","http:\/\/conkahve"]}]}},"_links":{"self":[{"href":"https:\/\/contrading.com\/en\/wp-json\/wp\/v2\/pages\/8114","targetHints":{"allow":["GET"]}}],"collection":[{"href":"https:\/\/contrading.com\/en\/wp-json\/wp\/v2\/pages"}],"about":[{"href":"https:\/\/contrading.com\/en\/wp-json\/wp\/v2\/types\/page"}],"author":[{"embeddable":true,"href":"https:\/\/contrading.com\/en\/wp-json\/wp\/v2\/users\/1"}],"replies":[{"embeddable":true,"href":"https:\/\/contrading.com\/en\/wp-json\/wp\/v2\/comments?post=8114"}],"version-history":[{"count":12,"href":"https:\/\/contrading.com\/en\/wp-json\/wp\/v2\/pages\/8114\/revisions"}],"predecessor-version":[{"id":13793,"href":"https:\/\/contrading.com\/en\/wp-json\/wp\/v2\/pages\/8114\/revisions\/13793"}],"wp:attachment":[{"href":"https:\/\/contrading.com\/en\/wp-json\/wp\/v2\/media?parent=8114"}],"curies":[{"name":"wp","href":"https:\/\/api.w.org\/{rel}","templated":true}]}}