{"id":13118,"date":"2018-07-10T08:45:18","date_gmt":"2018-07-10T05:45:18","guid":{"rendered":"https:\/\/contrading.com\/?post_type=product&#038;p=13118"},"modified":"2019-03-21T17:51:54","modified_gmt":"2019-03-21T14:51:54","slug":"sutlu-carobar","status":"publish","type":"product","link":"https:\/\/contrading.com\/en\/urun\/sutlu-carobar\/","title":{"rendered":"Carobar"},"content":{"rendered":"<table class=\" aligncenter\" style=\"font-weight: 400;\">\n<tbody>\n<tr>\n<td style=\"text-align: center;\" width=\"302\"><strong>Package\/Box Information<\/strong><\/td>\n<td style=\"text-align: center;\" width=\"302\"><strong>Weight Information<\/strong><\/td>\n<\/tr>\n<tr>\n<td style=\"text-align: center;\" width=\"302\">30 Piece<\/td>\n<td style=\"text-align: center;\" width=\"302\">30x20g<\/td>\n<\/tr>\n<\/tbody>\n<\/table>\n","protected":false},"excerpt":{"rendered":"<p>Our carob chocolate is a first in the world and it has a unique taste and nutritional values. It contains no cocoa and it is a completely healthy and natural product.<\/p>\n<table>\n<tbody>\n<tr>\n<td style=\"text-align: center;\" colspan=\"2\" width=\"604\"><strong style=\"text-align: center;\">Product Options<\/strong><\/td>\n<\/tr>\n<tr>\n<td style=\"text-align: center;\" width=\"302\">Export<\/td>\n<td style=\"text-align: center;\" width=\"302\"><strong style=\"text-align: center;\">\u2713<\/strong><\/td>\n<\/tr>\n<\/tbody>\n<\/table>\n","protected":false},"featured_media":13279,"template":"","meta":[],"product_brand":[],"product_cat":[120],"product_tag":[],"class_list":{"0":"post-13118","1":"product","2":"type-product","3":"status-publish","4":"has-post-thumbnail","6":"product_cat-saglikli-urunler","8":"first","9":"instock","10":"virtual","11":"product-type-simple"},"yoast_head":"<!-- This site is optimized with the Yoast SEO plugin v24.8.1 - https:\/\/yoast.com\/wordpress\/plugins\/seo\/ -->\n<title>Carobar - \u00dcr\u00fcnlerimiz - Con Trading<\/title>\n<meta name=\"description\" content=\"D\u00fcnyada bir ilk olan harnup \u00e7ikolatam\u0131z, e\u015fsiz bir lezzet ve besin de\u011ferine sahiptir. Kakao bar\u0131nd\u0131rmad\u0131\u011f\u0131ndan tamamen sa\u011fl\u0131kl\u0131 ve do\u011fal bir \u00fcr\u00fcnd\u00fcr.\" \/>\n<meta name=\"robots\" content=\"index, follow, max-snippet:-1, max-image-preview:large, max-video-preview:-1\" \/>\n<link rel=\"canonical\" href=\"https:\/\/contrading.com\/en\/urun\/sutlu-carobar\/\" \/>\n<meta property=\"og:locale\" content=\"en_US\" \/>\n<meta property=\"og:locale:alternate\" content=\"tr_TR\" \/>\n<meta property=\"og:type\" content=\"article\" \/>\n<meta property=\"og:title\" content=\"Carobar\" \/>\n<meta property=\"og:description\" content=\"D\u00fcnyada bir ilk olan harnup \u00e7ikolatam\u0131z, e\u015fsiz bir lezzet ve besin de\u011ferine sahiptir. Kakao bar\u0131nd\u0131rmad\u0131\u011f\u0131ndan tamamen sa\u011fl\u0131kl\u0131 ve do\u011fal bir \u00fcr\u00fcnd\u00fcr.\" \/>\n<meta property=\"og:url\" content=\"https:\/\/contrading.com\/en\/urun\/sutlu-carobar\/\" \/>\n<meta property=\"og:site_name\" content=\"Con Trading\" \/>\n<meta property=\"article:publisher\" content=\"https:\/\/www.facebook.com\/conkahve\" \/>\n<meta property=\"article:modified_time\" content=\"2019-03-21T14:51:54+00:00\" \/>\n<meta property=\"og:image\" content=\"https:\/\/contrading.com\/wp-content\/uploads\/2018\/07\/sutlu-carobar.png\" \/>\n\t<meta property=\"og:image:width\" content=\"1295\" \/>\n\t<meta property=\"og:image:height\" content=\"1295\" \/>\n\t<meta property=\"og:image:type\" content=\"image\/png\" \/>\n<meta name=\"twitter:card\" content=\"summary_large_image\" \/>\n<meta name=\"twitter:site\" content=\"@conkahve\" \/>\n<script type=\"application\/ld+json\" class=\"yoast-schema-graph\">{\"@context\":\"https:\/\/schema.org\",\"@graph\":[{\"@type\":\"WebPage\",\"@id\":\"https:\/\/contrading.com\/urun\/sutlu-carobar\/\",\"url\":\"https:\/\/contrading.com\/urun\/sutlu-carobar\/\",\"name\":\"Carobar\",\"isPartOf\":{\"@id\":\"https:\/\/contrading.com\/#website\"},\"primaryImageOfPage\":{\"@id\":\"https:\/\/contrading.com\/urun\/sutlu-carobar\/#primaryimage\"},\"image\":{\"@id\":\"https:\/\/contrading.com\/urun\/sutlu-carobar\/#primaryimage\"},\"thumbnailUrl\":\"https:\/\/contrading.com\/wp-content\/uploads\/2018\/07\/sutlu-carobar.png\",\"datePublished\":\"2018-07-10T05:45:18+00:00\",\"dateModified\":\"2019-03-21T14:51:54+00:00\",\"description\":\"D\u00fcnyada bir ilk olan harnup \u00e7ikolatam\u0131z, e\u015fsiz bir lezzet ve besin de\u011ferine sahiptir. Kakao bar\u0131nd\u0131rmad\u0131\u011f\u0131ndan tamamen sa\u011fl\u0131kl\u0131 ve do\u011fal bir \u00fcr\u00fcnd\u00fcr.\",\"breadcrumb\":{\"@id\":\"https:\/\/contrading.com\/urun\/sutlu-carobar\/#breadcrumb\"},\"inLanguage\":\"en-US\",\"potentialAction\":[{\"@type\":\"ReadAction\",\"target\":[\"https:\/\/contrading.com\/urun\/sutlu-carobar\/\"]}]},{\"@type\":\"ImageObject\",\"inLanguage\":\"en-US\",\"@id\":\"https:\/\/contrading.com\/urun\/sutlu-carobar\/#primaryimage\",\"url\":\"https:\/\/contrading.com\/wp-content\/uploads\/2018\/07\/sutlu-carobar.png\",\"contentUrl\":\"https:\/\/contrading.com\/wp-content\/uploads\/2018\/07\/sutlu-carobar.png\",\"width\":1295,\"height\":1295},{\"@type\":\"BreadcrumbList\",\"@id\":\"https:\/\/contrading.com\/urun\/sutlu-carobar\/#breadcrumb\",\"itemListElement\":[{\"@type\":\"ListItem\",\"position\":1,\"name\":\"Ana sayfa\",\"item\":\"https:\/\/contrading.com\/\"},{\"@type\":\"ListItem\",\"position\":2,\"name\":\"\u00dcr\u00fcnlerimiz\",\"item\":\"https:\/\/contrading.com\/urunlerimiz\/\"},{\"@type\":\"ListItem\",\"position\":3,\"name\":\"S\u00fctl\u00fc Carobar\"}]},{\"@type\":\"WebSite\",\"@id\":\"https:\/\/contrading.com\/#website\",\"url\":\"https:\/\/contrading.com\/\",\"name\":\"Con Trading\",\"description\":\"\",\"publisher\":{\"@id\":\"https:\/\/contrading.com\/#organization\"},\"potentialAction\":[{\"@type\":\"SearchAction\",\"target\":{\"@type\":\"EntryPoint\",\"urlTemplate\":\"https:\/\/contrading.com\/?s={search_term_string}\"},\"query-input\":{\"@type\":\"PropertyValueSpecification\",\"valueRequired\":true,\"valueName\":\"search_term_string\"}}],\"inLanguage\":\"en-US\"},{\"@type\":\"Organization\",\"@id\":\"https:\/\/contrading.com\/#organization\",\"name\":\"Con Trading Ltd.\",\"url\":\"https:\/\/contrading.com\/\",\"logo\":{\"@type\":\"ImageObject\",\"inLanguage\":\"en-US\",\"@id\":\"https:\/\/contrading.com\/#\/schema\/logo\/image\/\",\"url\":\"https:\/\/contrading.com\/wp-content\/uploads\/2018\/06\/con_logo.png\",\"contentUrl\":\"https:\/\/contrading.com\/wp-content\/uploads\/2018\/06\/con_logo.png\",\"width\":250,\"height\":60,\"caption\":\"Con Trading Ltd.\"},\"image\":{\"@id\":\"https:\/\/contrading.com\/#\/schema\/logo\/image\/\"},\"sameAs\":[\"https:\/\/www.facebook.com\/conkahve\",\"https:\/\/x.com\/conkahve\",\"http:\/\/conkahve\"]}]}<\/script>\n<!-- \/ Yoast SEO plugin. -->","yoast_head_json":{"title":"Carobar - \u00dcr\u00fcnlerimiz - Con Trading","description":"D\u00fcnyada bir ilk olan harnup \u00e7ikolatam\u0131z, e\u015fsiz bir lezzet ve besin de\u011ferine sahiptir. Kakao bar\u0131nd\u0131rmad\u0131\u011f\u0131ndan tamamen sa\u011fl\u0131kl\u0131 ve do\u011fal bir \u00fcr\u00fcnd\u00fcr.","robots":{"index":"index","follow":"follow","max-snippet":"max-snippet:-1","max-image-preview":"max-image-preview:large","max-video-preview":"max-video-preview:-1"},"canonical":"https:\/\/contrading.com\/en\/urun\/sutlu-carobar\/","og_locale":"en_US","og_type":"article","og_title":"[:tr]S\u00fctl\u00fc Carobar[:en]Carobar[:] - \u00dcr\u00fcnlerimiz - Con Trading","og_description":"D\u00fcnyada bir ilk olan harnup \u00e7ikolatam\u0131z, e\u015fsiz bir lezzet ve besin de\u011ferine sahiptir. Kakao bar\u0131nd\u0131rmad\u0131\u011f\u0131ndan tamamen sa\u011fl\u0131kl\u0131 ve do\u011fal bir \u00fcr\u00fcnd\u00fcr.","og_url":"https:\/\/contrading.com\/en\/urun\/sutlu-carobar\/","og_site_name":"Con Trading","article_publisher":"https:\/\/www.facebook.com\/conkahve","article_modified_time":"2019-03-21T14:51:54+00:00","og_image":[{"width":1295,"height":1295,"url":"https:\/\/contrading.com\/wp-content\/uploads\/2018\/07\/sutlu-carobar.png","type":"image\/png"}],"twitter_card":"summary_large_image","twitter_site":"@conkahve","schema":{"@context":"https:\/\/schema.org","@graph":[{"@type":"WebPage","@id":"https:\/\/contrading.com\/urun\/sutlu-carobar\/","url":"https:\/\/contrading.com\/urun\/sutlu-carobar\/","name":"Carobar","isPartOf":{"@id":"https:\/\/contrading.com\/#website"},"primaryImageOfPage":{"@id":"https:\/\/contrading.com\/urun\/sutlu-carobar\/#primaryimage"},"image":{"@id":"https:\/\/contrading.com\/urun\/sutlu-carobar\/#primaryimage"},"thumbnailUrl":"https:\/\/contrading.com\/wp-content\/uploads\/2018\/07\/sutlu-carobar.png","datePublished":"2018-07-10T05:45:18+00:00","dateModified":"2019-03-21T14:51:54+00:00","description":"D\u00fcnyada bir ilk olan harnup \u00e7ikolatam\u0131z, e\u015fsiz bir lezzet ve besin de\u011ferine sahiptir. Kakao bar\u0131nd\u0131rmad\u0131\u011f\u0131ndan tamamen sa\u011fl\u0131kl\u0131 ve do\u011fal bir \u00fcr\u00fcnd\u00fcr.","breadcrumb":{"@id":"https:\/\/contrading.com\/urun\/sutlu-carobar\/#breadcrumb"},"inLanguage":"en-US","potentialAction":[{"@type":"ReadAction","target":["https:\/\/contrading.com\/urun\/sutlu-carobar\/"]}]},{"@type":"ImageObject","inLanguage":"en-US","@id":"https:\/\/contrading.com\/urun\/sutlu-carobar\/#primaryimage","url":"https:\/\/contrading.com\/wp-content\/uploads\/2018\/07\/sutlu-carobar.png","contentUrl":"https:\/\/contrading.com\/wp-content\/uploads\/2018\/07\/sutlu-carobar.png","width":1295,"height":1295},{"@type":"BreadcrumbList","@id":"https:\/\/contrading.com\/urun\/sutlu-carobar\/#breadcrumb","itemListElement":[{"@type":"ListItem","position":1,"name":"Ana sayfa","item":"https:\/\/contrading.com\/"},{"@type":"ListItem","position":2,"name":"\u00dcr\u00fcnlerimiz","item":"https:\/\/contrading.com\/urunlerimiz\/"},{"@type":"ListItem","position":3,"name":"S\u00fctl\u00fc Carobar"}]},{"@type":"WebSite","@id":"https:\/\/contrading.com\/#website","url":"https:\/\/contrading.com\/","name":"Con Trading","description":"","publisher":{"@id":"https:\/\/contrading.com\/#organization"},"potentialAction":[{"@type":"SearchAction","target":{"@type":"EntryPoint","urlTemplate":"https:\/\/contrading.com\/?s={search_term_string}"},"query-input":{"@type":"PropertyValueSpecification","valueRequired":true,"valueName":"search_term_string"}}],"inLanguage":"en-US"},{"@type":"Organization","@id":"https:\/\/contrading.com\/#organization","name":"Con Trading Ltd.","url":"https:\/\/contrading.com\/","logo":{"@type":"ImageObject","inLanguage":"en-US","@id":"https:\/\/contrading.com\/#\/schema\/logo\/image\/","url":"https:\/\/contrading.com\/wp-content\/uploads\/2018\/06\/con_logo.png","contentUrl":"https:\/\/contrading.com\/wp-content\/uploads\/2018\/06\/con_logo.png","width":250,"height":60,"caption":"Con Trading Ltd."},"image":{"@id":"https:\/\/contrading.com\/#\/schema\/logo\/image\/"},"sameAs":["https:\/\/www.facebook.com\/conkahve","https:\/\/x.com\/conkahve","http:\/\/conkahve"]}]}},"_links":{"self":[{"href":"https:\/\/contrading.com\/en\/wp-json\/wp\/v2\/product\/13118","targetHints":{"allow":["GET"]}}],"collection":[{"href":"https:\/\/contrading.com\/en\/wp-json\/wp\/v2\/product"}],"about":[{"href":"https:\/\/contrading.com\/en\/wp-json\/wp\/v2\/types\/product"}],"wp:featuredmedia":[{"embeddable":true,"href":"https:\/\/contrading.com\/en\/wp-json\/wp\/v2\/media\/13279"}],"wp:attachment":[{"href":"https:\/\/contrading.com\/en\/wp-json\/wp\/v2\/media?parent=13118"}],"wp:term":[{"taxonomy":"product_brand","embeddable":true,"href":"https:\/\/contrading.com\/en\/wp-json\/wp\/v2\/product_brand?post=13118"},{"taxonomy":"product_cat","embeddable":true,"href":"https:\/\/contrading.com\/en\/wp-json\/wp\/v2\/product_cat?post=13118"},{"taxonomy":"product_tag","embeddable":true,"href":"https:\/\/contrading.com\/en\/wp-json\/wp\/v2\/product_tag?post=13118"}],"curies":[{"name":"wp","href":"https:\/\/api.w.org\/{rel}","templated":true}]}}