{"id":13822,"date":"2023-09-23T22:22:38","date_gmt":"2023-09-23T19:22:38","guid":{"rendered":"https:\/\/contrading.com\/?post_type=product&#038;p=13822"},"modified":"2023-09-25T08:17:23","modified_gmt":"2023-09-25T05:17:23","slug":"filtre-kahve-3","status":"publish","type":"product","link":"https:\/\/contrading.com\/en\/urun\/filtre-kahve-3\/","title":{"rendered":"Filter Coffee"},"content":{"rendered":"<table class=\" aligncenter\" style=\"font-weight: 400;\">\n<tbody>\n<tr>\n<td style=\"text-align: center;\" width=\"302\"><strong>Packing Type<\/strong><\/td>\n<td style=\"text-align: center;\" width=\"302\"><strong>Weight Information<\/strong><\/td>\n<\/tr>\n<tr>\n<td style=\"text-align: center;\" width=\"302\">Tin<\/td>\n<td style=\"text-align: center;\" width=\"302\">1x227g<\/td>\n<\/tr>\n<tr>\n<td style=\"text-align: center;\" width=\"302\">Doypack<\/td>\n<td style=\"text-align: center;\" width=\"302\">1x250g<\/td>\n<\/tr>\n<tr>\n<td style=\"text-align: center;\" width=\"302\">Tin<\/td>\n<td style=\"text-align: center;\" width=\"302\">1x500g<\/td>\n<\/tr>\n<tr>\n<td style=\"text-align: center;\" width=\"302\">Quadro<\/td>\n<td style=\"text-align: center;\" width=\"302\">1x1000g<\/td>\n<\/tr>\n<\/tbody>\n<\/table>\n","protected":false},"excerpt":{"rendered":"<p>We stock world coffee series such as Rio, Kenyan, Colombian, Guatemalan, Ethiopian and we can prepare the desired blends. We also offer more reasonably priced coffees<\/p>\n<table>\n<tbody>\n<tr>\n<td style=\"text-align: center;\" colspan=\"2\" width=\"604\"><strong style=\"text-align: center;\">\u00dcr\u00fcn Se\u00e7enekleri<\/strong><\/td>\n<\/tr>\n<tr>\n<td style=\"text-align: center;\" width=\"302\">Export<\/td>\n<td style=\"text-align: center;\" width=\"302\"><strong style=\"text-align: center;\">\u2713<\/strong><\/td>\n<\/tr>\n<tr>\n<td style=\"text-align: center;\" width=\"302\">Custom Production<\/td>\n<td style=\"text-align: center;\" width=\"302\"><strong style=\"text-align: center;\">\u2713<\/strong><\/td>\n<\/tr>\n<\/tbody>\n<\/table>\n","protected":false},"featured_media":13826,"template":"","meta":[],"product_brand":[],"product_cat":[104],"product_tag":[],"class_list":{"0":"post-13822","1":"product","2":"type-product","3":"status-publish","4":"has-post-thumbnail","6":"product_cat-kahveler","8":"first","9":"instock","10":"virtual","11":"product-type-simple"},"yoast_head":"<!-- This site is optimized with the Yoast SEO plugin v24.8.1 - https:\/\/yoast.com\/wordpress\/plugins\/seo\/ -->\n<title>Filter Coffee - Con Trading<\/title>\n<meta name=\"robots\" content=\"index, follow, max-snippet:-1, max-image-preview:large, max-video-preview:-1\" \/>\n<link rel=\"canonical\" href=\"https:\/\/contrading.com\/en\/urun\/filtre-kahve-3\/\" \/>\n<meta property=\"og:locale\" content=\"en_US\" \/>\n<meta property=\"og:locale:alternate\" content=\"tr_TR\" \/>\n<meta property=\"og:type\" content=\"article\" \/>\n<meta property=\"og:title\" content=\"Filter Coffee\" \/>\n<meta property=\"og:description\" content=\"We stock world coffee series such as Rio, Kenyan, Colombian, Guatemalan, Ethiopian and we can prepare the desired blends. We also offer more reasonably priced coffees    \u00dcr\u00fcn Se\u00e7enekleri   Export \u2713   Custom Production \u2713\" \/>\n<meta property=\"og:url\" content=\"https:\/\/contrading.com\/en\/urun\/filtre-kahve-3\/\" \/>\n<meta property=\"og:site_name\" content=\"Con Trading\" \/>\n<meta property=\"article:publisher\" content=\"https:\/\/www.facebook.com\/conkahve\" \/>\n<meta property=\"article:modified_time\" content=\"2023-09-25T05:17:23+00:00\" \/>\n<meta property=\"og:image\" content=\"https:\/\/contrading.com\/wp-content\/uploads\/2023\/09\/WhatsApp-Image-2023-09-22-at-13.08.26.jpeg\" \/>\n\t<meta property=\"og:image:width\" content=\"1137\" \/>\n\t<meta property=\"og:image:height\" content=\"1600\" \/>\n\t<meta property=\"og:image:type\" content=\"image\/jpeg\" \/>\n<meta name=\"twitter:card\" content=\"summary_large_image\" \/>\n<meta name=\"twitter:site\" content=\"@conkahve\" \/>\n<meta name=\"twitter:label1\" content=\"Est. reading time\" \/>\n\t<meta name=\"twitter:data1\" content=\"1 minute\" \/>\n<script type=\"application\/ld+json\" class=\"yoast-schema-graph\">{\"@context\":\"https:\/\/schema.org\",\"@graph\":[{\"@type\":\"WebPage\",\"@id\":\"https:\/\/contrading.com\/urun\/filtre-kahve-3\/\",\"url\":\"https:\/\/contrading.com\/urun\/filtre-kahve-3\/\",\"name\":\"Filter Coffee\",\"isPartOf\":{\"@id\":\"https:\/\/contrading.com\/#website\"},\"primaryImageOfPage\":{\"@id\":\"https:\/\/contrading.com\/urun\/filtre-kahve-3\/#primaryimage\"},\"image\":{\"@id\":\"https:\/\/contrading.com\/urun\/filtre-kahve-3\/#primaryimage\"},\"thumbnailUrl\":\"https:\/\/contrading.com\/wp-content\/uploads\/2023\/09\/WhatsApp-Image-2023-09-22-at-13.08.26.jpeg\",\"datePublished\":\"2023-09-23T19:22:38+00:00\",\"dateModified\":\"2023-09-25T05:17:23+00:00\",\"breadcrumb\":{\"@id\":\"https:\/\/contrading.com\/urun\/filtre-kahve-3\/#breadcrumb\"},\"inLanguage\":\"en-US\",\"potentialAction\":[{\"@type\":\"ReadAction\",\"target\":[\"https:\/\/contrading.com\/urun\/filtre-kahve-3\/\"]}]},{\"@type\":\"ImageObject\",\"inLanguage\":\"en-US\",\"@id\":\"https:\/\/contrading.com\/urun\/filtre-kahve-3\/#primaryimage\",\"url\":\"https:\/\/contrading.com\/wp-content\/uploads\/2023\/09\/WhatsApp-Image-2023-09-22-at-13.08.26.jpeg\",\"contentUrl\":\"https:\/\/contrading.com\/wp-content\/uploads\/2023\/09\/WhatsApp-Image-2023-09-22-at-13.08.26.jpeg\",\"width\":1137,\"height\":1600},{\"@type\":\"BreadcrumbList\",\"@id\":\"https:\/\/contrading.com\/urun\/filtre-kahve-3\/#breadcrumb\",\"itemListElement\":[{\"@type\":\"ListItem\",\"position\":1,\"name\":\"Ana sayfa\",\"item\":\"https:\/\/contrading.com\/\"},{\"@type\":\"ListItem\",\"position\":2,\"name\":\"\u00dcr\u00fcnlerimiz\",\"item\":\"https:\/\/contrading.com\/urunlerimiz\/\"},{\"@type\":\"ListItem\",\"position\":3,\"name\":\"Filtre Kahve\"}]},{\"@type\":\"WebSite\",\"@id\":\"https:\/\/contrading.com\/#website\",\"url\":\"https:\/\/contrading.com\/\",\"name\":\"Con Trading\",\"description\":\"\",\"publisher\":{\"@id\":\"https:\/\/contrading.com\/#organization\"},\"potentialAction\":[{\"@type\":\"SearchAction\",\"target\":{\"@type\":\"EntryPoint\",\"urlTemplate\":\"https:\/\/contrading.com\/?s={search_term_string}\"},\"query-input\":{\"@type\":\"PropertyValueSpecification\",\"valueRequired\":true,\"valueName\":\"search_term_string\"}}],\"inLanguage\":\"en-US\"},{\"@type\":\"Organization\",\"@id\":\"https:\/\/contrading.com\/#organization\",\"name\":\"Con Trading Ltd.\",\"url\":\"https:\/\/contrading.com\/\",\"logo\":{\"@type\":\"ImageObject\",\"inLanguage\":\"en-US\",\"@id\":\"https:\/\/contrading.com\/#\/schema\/logo\/image\/\",\"url\":\"https:\/\/contrading.com\/wp-content\/uploads\/2018\/06\/con_logo.png\",\"contentUrl\":\"https:\/\/contrading.com\/wp-content\/uploads\/2018\/06\/con_logo.png\",\"width\":250,\"height\":60,\"caption\":\"Con Trading Ltd.\"},\"image\":{\"@id\":\"https:\/\/contrading.com\/#\/schema\/logo\/image\/\"},\"sameAs\":[\"https:\/\/www.facebook.com\/conkahve\",\"https:\/\/x.com\/conkahve\",\"http:\/\/conkahve\"]}]}<\/script>\n<!-- \/ Yoast SEO plugin. -->","yoast_head_json":{"title":"Filter Coffee - Con Trading","robots":{"index":"index","follow":"follow","max-snippet":"max-snippet:-1","max-image-preview":"max-image-preview:large","max-video-preview":"max-video-preview:-1"},"canonical":"https:\/\/contrading.com\/en\/urun\/filtre-kahve-3\/","og_locale":"en_US","og_type":"article","og_title":"[:tr]Filtre Kahve[:en]Filter Coffee[:] - Con Trading","og_description":"We stock world coffee series such as Rio, Kenyan, Colombian, Guatemalan, Ethiopian and we can prepare the desired blends. We also offer more reasonably priced coffees    \u00dcr\u00fcn Se\u00e7enekleri   Export \u2713   Custom Production \u2713","og_url":"https:\/\/contrading.com\/en\/urun\/filtre-kahve-3\/","og_site_name":"Con Trading","article_publisher":"https:\/\/www.facebook.com\/conkahve","article_modified_time":"2023-09-25T05:17:23+00:00","og_image":[{"width":1137,"height":1600,"url":"https:\/\/contrading.com\/wp-content\/uploads\/2023\/09\/WhatsApp-Image-2023-09-22-at-13.08.26.jpeg","type":"image\/jpeg"}],"twitter_card":"summary_large_image","twitter_site":"@conkahve","twitter_misc":{"Est. reading time":"1 minute"},"schema":{"@context":"https:\/\/schema.org","@graph":[{"@type":"WebPage","@id":"https:\/\/contrading.com\/urun\/filtre-kahve-3\/","url":"https:\/\/contrading.com\/urun\/filtre-kahve-3\/","name":"Filter Coffee","isPartOf":{"@id":"https:\/\/contrading.com\/#website"},"primaryImageOfPage":{"@id":"https:\/\/contrading.com\/urun\/filtre-kahve-3\/#primaryimage"},"image":{"@id":"https:\/\/contrading.com\/urun\/filtre-kahve-3\/#primaryimage"},"thumbnailUrl":"https:\/\/contrading.com\/wp-content\/uploads\/2023\/09\/WhatsApp-Image-2023-09-22-at-13.08.26.jpeg","datePublished":"2023-09-23T19:22:38+00:00","dateModified":"2023-09-25T05:17:23+00:00","breadcrumb":{"@id":"https:\/\/contrading.com\/urun\/filtre-kahve-3\/#breadcrumb"},"inLanguage":"en-US","potentialAction":[{"@type":"ReadAction","target":["https:\/\/contrading.com\/urun\/filtre-kahve-3\/"]}]},{"@type":"ImageObject","inLanguage":"en-US","@id":"https:\/\/contrading.com\/urun\/filtre-kahve-3\/#primaryimage","url":"https:\/\/contrading.com\/wp-content\/uploads\/2023\/09\/WhatsApp-Image-2023-09-22-at-13.08.26.jpeg","contentUrl":"https:\/\/contrading.com\/wp-content\/uploads\/2023\/09\/WhatsApp-Image-2023-09-22-at-13.08.26.jpeg","width":1137,"height":1600},{"@type":"BreadcrumbList","@id":"https:\/\/contrading.com\/urun\/filtre-kahve-3\/#breadcrumb","itemListElement":[{"@type":"ListItem","position":1,"name":"Ana sayfa","item":"https:\/\/contrading.com\/"},{"@type":"ListItem","position":2,"name":"\u00dcr\u00fcnlerimiz","item":"https:\/\/contrading.com\/urunlerimiz\/"},{"@type":"ListItem","position":3,"name":"Filtre Kahve"}]},{"@type":"WebSite","@id":"https:\/\/contrading.com\/#website","url":"https:\/\/contrading.com\/","name":"Con Trading","description":"","publisher":{"@id":"https:\/\/contrading.com\/#organization"},"potentialAction":[{"@type":"SearchAction","target":{"@type":"EntryPoint","urlTemplate":"https:\/\/contrading.com\/?s={search_term_string}"},"query-input":{"@type":"PropertyValueSpecification","valueRequired":true,"valueName":"search_term_string"}}],"inLanguage":"en-US"},{"@type":"Organization","@id":"https:\/\/contrading.com\/#organization","name":"Con Trading Ltd.","url":"https:\/\/contrading.com\/","logo":{"@type":"ImageObject","inLanguage":"en-US","@id":"https:\/\/contrading.com\/#\/schema\/logo\/image\/","url":"https:\/\/contrading.com\/wp-content\/uploads\/2018\/06\/con_logo.png","contentUrl":"https:\/\/contrading.com\/wp-content\/uploads\/2018\/06\/con_logo.png","width":250,"height":60,"caption":"Con Trading Ltd."},"image":{"@id":"https:\/\/contrading.com\/#\/schema\/logo\/image\/"},"sameAs":["https:\/\/www.facebook.com\/conkahve","https:\/\/x.com\/conkahve","http:\/\/conkahve"]}]}},"_links":{"self":[{"href":"https:\/\/contrading.com\/en\/wp-json\/wp\/v2\/product\/13822","targetHints":{"allow":["GET"]}}],"collection":[{"href":"https:\/\/contrading.com\/en\/wp-json\/wp\/v2\/product"}],"about":[{"href":"https:\/\/contrading.com\/en\/wp-json\/wp\/v2\/types\/product"}],"wp:featuredmedia":[{"embeddable":true,"href":"https:\/\/contrading.com\/en\/wp-json\/wp\/v2\/media\/13826"}],"wp:attachment":[{"href":"https:\/\/contrading.com\/en\/wp-json\/wp\/v2\/media?parent=13822"}],"wp:term":[{"taxonomy":"product_brand","embeddable":true,"href":"https:\/\/contrading.com\/en\/wp-json\/wp\/v2\/product_brand?post=13822"},{"taxonomy":"product_cat","embeddable":true,"href":"https:\/\/contrading.com\/en\/wp-json\/wp\/v2\/product_cat?post=13822"},{"taxonomy":"product_tag","embeddable":true,"href":"https:\/\/contrading.com\/en\/wp-json\/wp\/v2\/product_tag?post=13822"}],"curies":[{"name":"wp","href":"https:\/\/api.w.org\/{rel}","templated":true}]}}